{"id":3563,"date":"2022-06-21T16:35:53","date_gmt":"2022-06-21T16:35:53","guid":{"rendered":"http:\/\/africanpost.fr\/?page_id=3563"},"modified":"2022-06-22T18:05:41","modified_gmt":"2022-06-22T18:05:41","slug":"trouver-un-transporteur","status":"publish","type":"page","link":"https:\/\/africanpost.fr\/en\/trouver-un-transporteur\/","title":{"rendered":"Trouver un transporteur"},"content":{"rendered":"\t\t<div data-elementor-type=\"wp-page\" data-elementor-id=\"3563\" class=\"elementor elementor-3563\" data-elementor-post-type=\"page\">\n\t\t\t\t\t\t<section class=\"elementor-section elementor-top-section elementor-element elementor-element-ofbb32l elementor-section-height-min-height elementor-section-boxed elementor-section-height-default elementor-section-items-middle\" data-id=\"ofbb32l\" data-element_type=\"section\" data-e-type=\"section\" data-settings=\"{&quot;background_background&quot;:&quot;classic&quot;}\">\n\t\t\t\t\t\t<div class=\"elementor-container elementor-column-gap-default\">\n\t\t\t\t\t<div class=\"elementor-column elementor-col-100 elementor-top-column elementor-element elementor-element-w5neot1\" data-id=\"w5neot1\" data-element_type=\"column\" data-e-type=\"column\">\n\t\t\t<div class=\"elementor-widget-wrap elementor-element-populated\">\n\t\t\t\t\t\t<div class=\"elementor-element elementor-element-98caebe elementor-widget elementor-widget-heading\" data-id=\"98caebe\" data-element_type=\"widget\" data-e-type=\"widget\" data-widget_type=\"heading.default\">\n\t\t\t\t<div class=\"elementor-widget-container\">\n\t\t\t\t\t<h2 class=\"elementor-heading-title elementor-size-default\">Connectez vous et cr\u00e9er une annonce pour trouver un transporteur<\/h2>\t\t\t\t<\/div>\n\t\t\t\t<\/div>\n\t\t\t\t<div class=\"elementor-element elementor-element-224cce8 elementor-widget elementor-widget-heading\" data-id=\"224cce8\" data-element_type=\"widget\" data-e-type=\"widget\" data-widget_type=\"heading.default\">\n\t\t\t\t<div class=\"elementor-widget-container\">\n\t\t\t\t\t<h1 class=\"elementor-heading-title elementor-size-default\">Proposez vos annonces de colis avec African Post et faites vous contact\u00e9 par un r\u00e9seau de transporteurs dans le monde.<\/h1>\t\t\t\t<\/div>\n\t\t\t\t<\/div>\n\t\t\t\t<div class=\"elementor-element elementor-element-877a58b elementor-widget elementor-widget-heading\" data-id=\"877a58b\" data-element_type=\"widget\" data-e-type=\"widget\" data-widget_type=\"heading.default\">\n\t\t\t\t<div class=\"elementor-widget-container\">\n\t\t\t\t\t<h2 class=\"elementor-heading-title elementor-size-default\">Quel type d'annonce souhaitez-vous ajouter&nbsp;?<\/h2>\t\t\t\t<\/div>\n\t\t\t\t<\/div>\n\t\t\t\t<div class=\"elementor-element elementor-element-fjzu802 elementor-widget elementor-widget-case27-add-listing-widget\" data-id=\"fjzu802\" data-element_type=\"widget\" data-e-type=\"widget\" data-widget_type=\"case27-add-listing-widget.default\">\n\t\t\t\t<div class=\"elementor-widget-container\">\n\t\t\t\t\t\r\n\t<style type=\"text\/css\">\r\n\t\t\/* Hide Elementor on Add-Listing form steps. The step contents are moved outside the Elementor container using JS. *\/\r\n\t\tbody:not(.elementor-editor-active) .elementor:not([data-elementor-type=header]):not([data-elementor-type=footer]) {\r\n\t\t    display: none;\r\n\t\t}\r\n\r\n\t\t\t<\/style>\r\n\t<script type=\"text\/javascript\">\r\n\t\t\/\/ Add body class to help target this screen via css.\r\n\t\tdocument.body.classList.add('add-listing-form');\r\n\t<\/script>\r\n\r\n\t<div class=\"add-listing-step\" style=\"opacity:0;\">\r\n\t\t\r\n\t\t\r\n<div class=\"i-section\">\r\n\t<div class=\"container\">\r\n\t\t<div class=\"row section-title\">\r\n\t\t\t<h2 class=\"case27-primary-text\">Your listing details<\/h2>\r\n\t\t<\/div>\r\n\t\t<form action=\"\/en\/wp-json\/wp\/v2\/pages\/3563\" method=\"post\" id=\"submit-job-form\" class=\"job-manager-form light-forms c27-submit-listing-form\" enctype=\"multipart\/form-data\">\r\n\r\n\t\t\t\r\n<div class=\"form-section-wrapper active\" id=\"form-section-auth\">\r\n\t<div class=\"element form-section\">\r\n\t\t<div class=\"pf-head round-icon\">\r\n\t\t\t<div class=\"title-style-1\">\r\n\t\t\t\t<i class=\"mi account_circle\"><\/i>\r\n\t\t\t\t<h5>Account<\/h5>\r\n\t\t\t<\/div>\r\n\t\t<\/div>\r\n\t\t<div class=\"pf-body\">\r\n\t\t\t<fieldset class=\"fieldset-login_required\">\r\n\t\t\t\t<p>You must be logged in to post new listings.<\/p>\r\n\t\t\t\t<p>\r\n\t\t\t\t\t<a href=\"https:\/\/africanpost.fr\/en\/my-account-2\/\" class=\"buttons button-5\">\r\n\t\t\t\t\t\t<i class=\"mi person\"><\/i>\r\n\t\t\t\t\t\tSign in\t\t\t\t\t<\/a>\r\n\t\t\t\t\t\t\t\t\t\t\t<span>or<\/span>\r\n\t\t\t\t\t\t<a href=\"https:\/\/africanpost.fr\/en\/my-account-2\/?register\" class=\"buttons button-5\">\r\n\t\t\t\t\t\t\t<i class=\"mi person\"><\/i>\r\n\t\t\t\t\t\t\tRegister\t\t\t\t\t\t<\/a>\r\n\t\t\t\t\t\t\t\t\t<\/p>\r\n\t\t\t<\/fieldset>\r\n\t\t<\/div>\r\n\t<\/div>\r\n<\/div>\r\n\r\n\t\t\t\t\t<\/form>\r\n\t<\/div>\r\n<\/div>\r\n\r\n<div class=\"add-listing-nav\">\r\n\t<ul><\/ul>\r\n<\/div>\r\n\r\n<div class=\"loader-bg main-loader add-listing-loader\" style=\"background-color: #fff; display: none;\">\r\n\t\r\n<div class=\"paper-spinner \" style=\"width: 28px; height: 28px;\">\r\n\t<div class=\"spinner-container active\">\r\n\t\t<div class=\"spinner-layer layer-1\" style=\"border-color: #000;\">\r\n\t\t\t<div class=\"circle-clipper left\">\r\n\t\t\t\t<div class=\"circle\" style=\"border-width: 3px;\"><\/div>\r\n\t\t\t<\/div><div class=\"gap-patch\">\r\n\t\t\t\t<div class=\"circle\" style=\"border-width: 3px;\"><\/div>\r\n\t\t\t<\/div><div class=\"circle-clipper right\">\r\n\t\t\t\t<div class=\"circle\" style=\"border-width: 3px;\"><\/div>\r\n\t\t\t<\/div>\r\n\t\t<\/div>\r\n\t<\/div>\r\n<\/div>\t<p class=\"add-listing-loading-message\">Please wait while the request is being processed.<\/p>\r\n<\/div>\r\n\t\t\t<\/div>\r\n\r\n\t<script type=\"text\/javascript\">\r\n\t\t\/**\r\n\t\t * Add listing page - move step contents\r\n\t\t * outside of Elementor container.\r\n\t\t *\r\n\t\t * @since 2.0\r\n\t\t *\/\r\n\t\t(function() {\r\n\t\t\tvar step = jQuery('.add-listing-step');\r\n\t\t\tif ( ! step.length || jQuery('body').hasClass('elementor-editor-active') ) {\r\n\t\t\t\treturn;\r\n\t\t\t}\r\n\r\n\t\t\tstep.appendTo('#c27-site-wrapper');\r\n\r\n\t\t\t\/\/ Trigger resize event.\r\n\t\t\tvar evt = window.document.createEvent('UIEvents');\r\n\t\t\tevt.initUIEvent('resize', true, false, window, 0);\r\n\t\t\twindow.dispatchEvent(evt);\r\n\t\t})();\r\n\t<\/script>\r\n\r\n\t\t\t\t<\/div>\n\t\t\t\t<\/div>\n\t\t\t\t\t<\/div>\n\t\t<\/div>\n\t\t\t\t\t<\/div>\n\t\t<\/section>\n\t\t\t\t<section class=\"elementor-section elementor-top-section elementor-element elementor-element-789c01ec elementor-section-boxed elementor-section-height-default elementor-section-height-default\" data-id=\"789c01ec\" data-element_type=\"section\" data-e-type=\"section\" data-settings=\"{&quot;background_background&quot;:&quot;classic&quot;}\">\n\t\t\t\t\t\t<div class=\"elementor-container elementor-column-gap-wider\">\n\t\t\t\t\t<div class=\"elementor-column elementor-col-33 elementor-top-column elementor-element elementor-element-13a36a26\" data-id=\"13a36a26\" data-element_type=\"column\" data-e-type=\"column\">\n\t\t\t<div class=\"elementor-widget-wrap elementor-element-populated\">\n\t\t\t\t\t\t<div class=\"elementor-element elementor-element-70d39e7 elementor-invisible elementor-widget elementor-widget-image-box\" data-id=\"70d39e7\" data-element_type=\"widget\" data-e-type=\"widget\" data-settings=\"{&quot;_animation&quot;:&quot;fadeIn&quot;,&quot;_animation_delay&quot;:300}\" data-widget_type=\"image-box.default\">\n\t\t\t\t<div class=\"elementor-widget-container\">\n\t\t\t\t\t<div class=\"elementor-image-box-wrapper\"><div class=\"elementor-image-box-content\"><h2 class=\"elementor-image-box-title\">Ajouter votre annonce et trouver un transporteur<\/h2><p class=\"elementor-image-box-description\">Renseignez votre trajet du d\u00e9part \u00e0 l'arriv\u00e9e de votre transport de colis ainsi que les dates de d\u00e9part et d'arriv\u00e9e.<\/p><\/div><\/div>\t\t\t\t<\/div>\n\t\t\t\t<\/div>\n\t\t\t\t\t<\/div>\n\t\t<\/div>\n\t\t\t\t<div class=\"elementor-column elementor-col-33 elementor-top-column elementor-element elementor-element-5fe97a5f\" data-id=\"5fe97a5f\" data-element_type=\"column\" data-e-type=\"column\">\n\t\t\t<div class=\"elementor-widget-wrap elementor-element-populated\">\n\t\t\t\t\t\t<div class=\"elementor-element elementor-element-2911635d elementor-invisible elementor-widget elementor-widget-image-box\" data-id=\"2911635d\" data-element_type=\"widget\" data-e-type=\"widget\" data-settings=\"{&quot;_animation&quot;:&quot;fadeIn&quot;,&quot;_animation_delay&quot;:300}\" data-widget_type=\"image-box.default\">\n\t\t\t\t<div class=\"elementor-widget-container\">\n\t\t\t\t\t<div class=\"elementor-image-box-wrapper\"><div class=\"elementor-image-box-content\"><h2 class=\"elementor-image-box-title\">Renseignez les informations de votre colis<\/h2><p class=\"elementor-image-box-description\">Renseignez le nombre de Kilos disponible que vous pouvez transporter, une image ainsi que le type de colis accept\u00e9.<\/p><\/div><\/div>\t\t\t\t<\/div>\n\t\t\t\t<\/div>\n\t\t\t\t\t<\/div>\n\t\t<\/div>\n\t\t\t\t<div class=\"elementor-column elementor-col-33 elementor-top-column elementor-element elementor-element-121144ab\" data-id=\"121144ab\" data-element_type=\"column\" data-e-type=\"column\">\n\t\t\t<div class=\"elementor-widget-wrap elementor-element-populated\">\n\t\t\t\t\t\t<div class=\"elementor-element elementor-element-5dea77a7 elementor-invisible elementor-widget elementor-widget-image-box\" data-id=\"5dea77a7\" data-element_type=\"widget\" data-e-type=\"widget\" data-settings=\"{&quot;_animation&quot;:&quot;fadeIn&quot;,&quot;_animation_delay&quot;:300}\" data-widget_type=\"image-box.default\">\n\t\t\t\t<div class=\"elementor-widget-container\">\n\t\t\t\t\t<div class=\"elementor-image-box-wrapper\"><div class=\"elementor-image-box-content\"><h3 class=\"elementor-image-box-title\">Publier votre annonce et faites vous contacter par des transporteurs<\/h3><p class=\"elementor-image-box-description\">En respectant les conditions g\u00e9n\u00e9rales vous pouvez d\u00e9sormais publier votre annonce de transport de colis.<\/p><\/div><\/div>\t\t\t\t<\/div>\n\t\t\t\t<\/div>\n\t\t\t\t\t<\/div>\n\t\t<\/div>\n\t\t\t\t\t<\/div>\n\t\t<\/section>\n\t\t\t\t<section class=\"elementor-section elementor-top-section elementor-element elementor-element-7a82029d elementor-section-boxed elementor-section-height-default elementor-section-height-default\" data-id=\"7a82029d\" data-element_type=\"section\" data-e-type=\"section\" data-settings=\"{&quot;background_background&quot;:&quot;classic&quot;}\">\n\t\t\t\t\t\t\t<div class=\"elementor-background-overlay\"><\/div>\n\t\t\t\t\t\t\t<div class=\"elementor-container elementor-column-gap-default\">\n\t\t\t\t\t<div class=\"elementor-column elementor-col-33 elementor-top-column elementor-element elementor-element-76c43fa2\" data-id=\"76c43fa2\" data-element_type=\"column\" data-e-type=\"column\">\n\t\t\t<div class=\"elementor-widget-wrap elementor-element-populated\">\n\t\t\t\t\t\t<div class=\"elementor-element elementor-element-712435a6 elementor-position-top elementor-widget elementor-widget-image-box\" data-id=\"712435a6\" data-element_type=\"widget\" data-e-type=\"widget\" data-widget_type=\"image-box.default\">\n\t\t\t\t<div class=\"elementor-widget-container\">\n\t\t\t\t\t<div class=\"elementor-image-box-wrapper\"><figure class=\"elementor-image-box-img\"><img decoding=\"async\" width=\"167\" height=\"156\" src=\"https:\/\/africanpost.fr\/wp-content\/uploads\/2021\/09\/quickold-9123d21cdc690d8fcd0c788681be7704937ed539f3c5b6d4fd968f765390bce8.png\" class=\"attachment-full size-full wp-image-383\" alt=\"Livraison Express\" title=\"\"><\/figure><div class=\"elementor-image-box-content\"><h3 class=\"elementor-image-box-title\">Envoyez un colis partout en Afrique !<\/h3><p class=\"elementor-image-box-description\">African post vous permet de transporter et de livrer des colis partout en Afrique et dans le monde, gr\u00e2ce \u00e0 notre r\u00e9seau mondial de d'envoyeurs de colis vers l'Afrique. Cela signifie que vous n'avez pas besoin d'\u00eatre li\u00e9 \u00e0 une compagnie maritime sp\u00e9cifique. Nous sommes l\u00e0 pour construire une communaut\u00e9 mondiale avec vous !<\/p><\/div><\/div>\t\t\t\t<\/div>\n\t\t\t\t<\/div>\n\t\t\t\t\t<\/div>\n\t\t<\/div>\n\t\t\t\t<div class=\"elementor-column elementor-col-33 elementor-top-column elementor-element elementor-element-79f172d3\" data-id=\"79f172d3\" data-element_type=\"column\" data-e-type=\"column\">\n\t\t\t<div class=\"elementor-widget-wrap elementor-element-populated\">\n\t\t\t\t\t\t<div class=\"elementor-element elementor-element-106b6b49 elementor-position-top elementor-widget elementor-widget-image-box\" data-id=\"106b6b49\" data-element_type=\"widget\" data-e-type=\"widget\" data-widget_type=\"image-box.default\">\n\t\t\t\t<div class=\"elementor-widget-container\">\n\t\t\t\t\t<div class=\"elementor-image-box-wrapper\"><figure class=\"elementor-image-box-img\"><img decoding=\"async\" src=\"https:\/\/africanpost.fr\/wp-content\/uploads\/2021\/09\/cheaper-6806a0acda9361b684a6ea0e8ec77c2448fad3f4a4191bd8cdbc137220c6ef63-100x100.png\" title=\"Economique\" alt=\"Economique\" loading=\"lazy\" \/><\/figure><div class=\"elementor-image-box-content\"><h3 class=\"elementor-image-box-title\">Sans frais<\/h3><p class=\"elementor-image-box-description\">Tous les prix sur African Post sont totalement transparents. Vous choisissez le prix qui vous convient, sans frais inattendus. L'utilisation des ressources communautaires existantes signifie une opportunit\u00e9 pour des taux de livraison exceptionnels\u00a0!<\/p><\/div><\/div>\t\t\t\t<\/div>\n\t\t\t\t<\/div>\n\t\t\t\t\t<\/div>\n\t\t<\/div>\n\t\t\t\t<div class=\"elementor-column elementor-col-33 elementor-top-column elementor-element elementor-element-73d41566\" data-id=\"73d41566\" data-element_type=\"column\" data-e-type=\"column\">\n\t\t\t<div class=\"elementor-widget-wrap elementor-element-populated\">\n\t\t\t\t\t\t<div class=\"elementor-element elementor-element-74142100 elementor-position-top elementor-widget elementor-widget-image-box\" data-id=\"74142100\" data-element_type=\"widget\" data-e-type=\"widget\" data-widget_type=\"image-box.default\">\n\t\t\t\t<div class=\"elementor-widget-container\">\n\t\t\t\t\t<div class=\"elementor-image-box-wrapper\"><figure class=\"elementor-image-box-img\"><img decoding=\"async\" width=\"128\" height=\"128\" src=\"https:\/\/africanpost.fr\/wp-content\/uploads\/2021\/09\/ecolo.png\" class=\"attachment-full size-full wp-image-381\" alt=\"Ecologique\" title=\"\" srcset=\"https:\/\/africanpost.fr\/wp-content\/uploads\/2021\/09\/ecolo.png 128w, https:\/\/africanpost.fr\/wp-content\/uploads\/2021\/09\/ecolo-100x100.png 100w\" sizes=\"(max-width: 128px) 100vw, 128px\" \/><\/figure><div class=\"elementor-image-box-content\"><h3 class=\"elementor-image-box-title\">Communication directe!<\/h3><p class=\"elementor-image-box-description\">African Post permet une communication directe entre nos exp\u00e9diteurs et transporteurs. Les \u00e9valuations sur place vous aident \u00e0 faire votre choix de d'exp\u00e9diteur, et vous choisissez l'heure et le prix  qui vous conviennent le mieux.<\/p><\/div><\/div>\t\t\t\t<\/div>\n\t\t\t\t<\/div>\n\t\t\t\t\t<\/div>\n\t\t<\/div>\n\t\t\t\t\t<\/div>\n\t\t<\/section>\n\t\t\t\t<section class=\"elementor-section elementor-top-section elementor-element elementor-element-032d806 elementor-section-boxed elementor-section-height-default elementor-section-height-default\" data-id=\"032d806\" data-element_type=\"section\" data-e-type=\"section\" data-settings=\"{&quot;background_background&quot;:&quot;classic&quot;}\">\n\t\t\t\t\t\t<div class=\"elementor-container elementor-column-gap-wider\">\n\t\t\t\t\t<div class=\"elementor-column elementor-col-100 elementor-top-column elementor-element elementor-element-897b888\" data-id=\"897b888\" data-element_type=\"column\" data-e-type=\"column\">\n\t\t\t<div class=\"elementor-widget-wrap elementor-element-populated\">\n\t\t\t\t\t\t<div class=\"elementor-element elementor-element-96663a4 elementor-invisible elementor-widget elementor-widget-image-box\" data-id=\"96663a4\" data-element_type=\"widget\" data-e-type=\"widget\" data-settings=\"{&quot;_animation&quot;:&quot;fadeIn&quot;,&quot;_animation_delay&quot;:300}\" data-widget_type=\"image-box.default\">\n\t\t\t\t<div class=\"elementor-widget-container\">\n\t\t\t\t\t<div class=\"elementor-image-box-wrapper\"><div class=\"elementor-image-box-content\"><h2 class=\"elementor-image-box-title\">T\u00e9l\u00e9chargez d\u00e8s maintenant et Rejoignez African post pour trouver un transporteur <\/h2><p class=\"elementor-image-box-description\">Chez African post, nous faisons de notre mieux pour nous assurer que vous, notre communaut\u00e9 d'exp\u00e9diteurs et de coursiers, puissiez acheminer ces colis \u00e0 leurs destinations facilement et efficacement. Surtout, nous sommes l\u00e0 pour aider les deux parties \u00e0 communiquer clairement et efficacement. Nous aimerions recevoir de vos nouvelles. Bonne livraison\u00a0! L'\u00e9quipe African Post.<\/p><\/div><\/div>\t\t\t\t<\/div>\n\t\t\t\t<\/div>\n\t\t\t\t<div class=\"elementor-element elementor-element-551ad31 elementor-widget elementor-widget-global elementor-global-3586 elementor-widget-image\" data-id=\"551ad31\" data-element_type=\"widget\" data-e-type=\"widget\" data-widget_type=\"image.default\">\n\t\t\t\t<div class=\"elementor-widget-container\">\n\t\t\t\t\t\t\t\t\t\t\t\t\t\t\t\t<a href=\"https:\/\/play.google.com\/store\/apps\/details?id=com.app.africanpost&#038;referrer=utm_source%3Dgoogle%26utm_medium%3DDownloadbutton%26utm_campaign%3DPlaystore%2520button\" target=\"_blank\" rel=\"noopener\">\n\t\t\t\t\t\t\t<img decoding=\"async\" width=\"300\" height=\"116\" src=\"https:\/\/africanpost.fr\/wp-content\/uploads\/2022\/05\/google-play-badge-300x116.png\" class=\"attachment-medium size-medium wp-image-2785\" alt=\"\" srcset=\"https:\/\/africanpost.fr\/wp-content\/uploads\/2022\/05\/google-play-badge-300x116.png 300w, https:\/\/africanpost.fr\/wp-content\/uploads\/2022\/05\/google-play-badge-600x232.png 600w, https:\/\/africanpost.fr\/wp-content\/uploads\/2022\/05\/google-play-badge-18x7.png 18w, https:\/\/africanpost.fr\/wp-content\/uploads\/2022\/05\/google-play-badge.png 646w\" sizes=\"(max-width: 300px) 100vw, 300px\" title=\"\">\t\t\t\t\t\t\t\t<\/a>\n\t\t\t\t\t\t\t\t\t\t\t\t\t\t\t<\/div>\n\t\t\t\t<\/div>\n\t\t\t\t<div class=\"elementor-element elementor-element-1188229b elementor-widget elementor-widget-global elementor-global-3463 elementor-widget-image\" data-id=\"1188229b\" data-element_type=\"widget\" data-e-type=\"widget\" data-widget_type=\"image.default\">\n\t\t\t\t<div class=\"elementor-widget-container\">\n\t\t\t\t\t\t\t\t\t\t\t\t\t\t\t\t<a href=\"https:\/\/apps.apple.com\/app\/african-post\/id1627710298\" target=\"_blank\" rel=\"noopener\">\n\t\t\t\t\t\t\t<img loading=\"lazy\" decoding=\"async\" width=\"300\" height=\"121\" src=\"https:\/\/africanpost.fr\/wp-content\/uploads\/2021\/10\/5847e95fcef1014c0b5e4822-300x121.png\" class=\"attachment-medium size-medium wp-image-3453\" alt=\"\" srcset=\"https:\/\/africanpost.fr\/wp-content\/uploads\/2021\/10\/5847e95fcef1014c0b5e4822-300x121.png 300w, https:\/\/africanpost.fr\/wp-content\/uploads\/2021\/10\/5847e95fcef1014c0b5e4822-600x242.png 600w, https:\/\/africanpost.fr\/wp-content\/uploads\/2021\/10\/5847e95fcef1014c0b5e4822-1024x412.png 1024w, https:\/\/africanpost.fr\/wp-content\/uploads\/2021\/10\/5847e95fcef1014c0b5e4822-768x309.png 768w, https:\/\/africanpost.fr\/wp-content\/uploads\/2021\/10\/5847e95fcef1014c0b5e4822-18x7.png 18w, https:\/\/africanpost.fr\/wp-content\/uploads\/2021\/10\/5847e95fcef1014c0b5e4822.png 1272w\" sizes=\"(max-width: 300px) 100vw, 300px\" title=\"\">\t\t\t\t\t\t\t\t<\/a>\n\t\t\t\t\t\t\t\t\t\t\t\t\t\t\t<\/div>\n\t\t\t\t<\/div>\n\t\t\t\t\t<\/div>\n\t\t<\/div>\n\t\t\t\t\t<\/div>\n\t\t<\/section>\n\t\t\t\t<\/div>\n\t\t","protected":false},"excerpt":{"rendered":"<p>Connectez vous et cr\u00e9er une annonce pour trouver un transporteur Proposez vos annonces de colis avec African Post et faites vous contact\u00e9 par un r\u00e9seau de transporteurs dans le monde. Quel type d&rsquo;annonce souhaitez-vous ajouter&nbsp;? Ajouter votre annonce et trouver un transporteur Renseignez votre trajet du d\u00e9part \u00e0 l&rsquo;arriv\u00e9e de votre transport de colis ainsi [&hellip;]<\/p>\n","protected":false},"author":1,"featured_media":0,"parent":0,"menu_order":0,"comment_status":"closed","ping_status":"closed","template":"","meta":{"_monsterinsights_skip_tracking":false,"_monsterinsights_sitenote_active":false,"_monsterinsights_sitenote_note":"","_monsterinsights_sitenote_category":0,"footnotes":""},"class_list":["post-3563","page","type-page","status-publish","hentry"],"acf":[],"_links":{"self":[{"href":"https:\/\/africanpost.fr\/en\/wp-json\/wp\/v2\/pages\/3563","targetHints":{"allow":["GET"]}}],"collection":[{"href":"https:\/\/africanpost.fr\/en\/wp-json\/wp\/v2\/pages"}],"about":[{"href":"https:\/\/africanpost.fr\/en\/wp-json\/wp\/v2\/types\/page"}],"author":[{"embeddable":true,"href":"https:\/\/africanpost.fr\/en\/wp-json\/wp\/v2\/users\/1"}],"replies":[{"embeddable":true,"href":"https:\/\/africanpost.fr\/en\/wp-json\/wp\/v2\/comments?post=3563"}],"version-history":[{"count":19,"href":"https:\/\/africanpost.fr\/en\/wp-json\/wp\/v2\/pages\/3563\/revisions"}],"predecessor-version":[{"id":3735,"href":"https:\/\/africanpost.fr\/en\/wp-json\/wp\/v2\/pages\/3563\/revisions\/3735"}],"wp:attachment":[{"href":"https:\/\/africanpost.fr\/en\/wp-json\/wp\/v2\/media?parent=3563"}],"curies":[{"name":"wp","href":"https:\/\/api.w.org\/{rel}","templated":true}]}}