{"id":322,"date":"2021-09-21T13:32:32","date_gmt":"2021-09-21T13:32:32","guid":{"rendered":"http:\/\/africanpost.fr\/add-listing-2\/"},"modified":"2023-03-24T18:02:49","modified_gmt":"2023-03-24T18:02:49","slug":"transporter-des-colis-en-afrique","status":"publish","type":"page","link":"https:\/\/africanpost.fr\/en\/transporter-des-colis-en-afrique\/","title":{"rendered":"Je veux transporter des colis"},"content":{"rendered":"<div data-elementor-type=\"wp-page\" data-elementor-id=\"322\" class=\"elementor elementor-322\" data-elementor-post-type=\"page\">\n\t\t\t\t\t\t<section class=\"elementor-section elementor-top-section elementor-element elementor-element-ofbb32l elementor-section-height-min-height elementor-section-boxed elementor-section-height-default elementor-section-items-middle\" data-id=\"ofbb32l\" data-element_type=\"section\" data-e-type=\"section\" data-settings=\"{&quot;background_background&quot;:&quot;classic&quot;}\">\n\t\t\t\t\t\t<div class=\"elementor-container elementor-column-gap-default\">\n\t\t\t\t\t<div class=\"elementor-column elementor-col-100 elementor-top-column elementor-element elementor-element-w5neot1\" data-id=\"w5neot1\" data-element_type=\"column\" data-e-type=\"column\">\n\t\t\t<div class=\"elementor-widget-wrap elementor-element-populated\">\n\t\t\t\t\t\t<div class=\"elementor-element elementor-element-98caebe elementor-widget elementor-widget-heading\" data-id=\"98caebe\" data-element_type=\"widget\" data-e-type=\"widget\" data-widget_type=\"heading.default\">\n\t\t\t\t<div class=\"elementor-widget-container\">\n\t\t\t\t\t<h2 class=\"elementor-heading-title elementor-size-default\">Add a listing<\/h2>\t\t\t\t<\/div>\n\t\t\t\t<\/div>\n\t\t\t\t<div class=\"elementor-element elementor-element-224cce8 elementor-widget elementor-widget-heading\" data-id=\"224cce8\" data-element_type=\"widget\" data-e-type=\"widget\" data-widget_type=\"heading.default\">\n\t\t\t\t<div class=\"elementor-widget-container\">\n\t\t\t\t\t<h1 class=\"elementor-heading-title elementor-size-default\">Submit your listing and transport parcels with African Post<\/h1>\t\t\t\t<\/div>\n\t\t\t\t<\/div>\n\t\t\t\t<div class=\"elementor-element elementor-element-877a58b elementor-widget elementor-widget-heading\" data-id=\"877a58b\" data-element_type=\"widget\" data-e-type=\"widget\" data-widget_type=\"heading.default\">\n\t\t\t\t<div class=\"elementor-widget-container\">\n\t\t\t\t\t<h2 class=\"elementor-heading-title elementor-size-default\">What type of listing would you like to add?<\/h2>\t\t\t\t<\/div>\n\t\t\t\t<\/div>\n\t\t\t\t<div class=\"elementor-element elementor-element-fjzu802 elementor-widget elementor-widget-case27-add-listing-widget\" data-id=\"fjzu802\" data-element_type=\"widget\" data-e-type=\"widget\" data-widget_type=\"case27-add-listing-widget.default\">\n\t\t\t\t<div class=\"elementor-widget-container\">\n\t\t\t\t\t\r\n\t\r\n<section class=\"i-section choose-type\">\r\n\t<div class=\"container-fluid\">\r\n\t\t<div class=\"row section-body\">\r\n\t\t\t\t\t<div class=\"col-md-6 col-sm-6 col-xs-12 ac-category\">\r\n\t\t\t\t<div class=\"cat-card\">\r\n\t\t\t\t\t<a href=\"https:\/\/africanpost.fr\/en\/transporter-des-colis-en-afrique\/?listing_type=jobs\">\r\n\t\t\t\t\t\t<div class=\"ac-front-side face\">\r\n\t\t\t\t\t\t\t<div class=\"hovering-c\">\r\n\t\t\t\t\t\t\t\t<span class=\"cat-icon\" style=\"color: #fff; background-color: #3dc8ff\">\r\n\t\t\t\t\t\t\t\t\t\t\t\t<i class=\"mi verified_user\"><\/i>\r\n\t\t\t\t\t\t\t\t\t\t<\/span>\r\n\t\t\t\t\t\t\t\t<span class=\"category-name\">Transporters<\/span>\r\n\t\t\t\t\t\t\t<\/div>\r\n\t\t\t\t\t\t<\/div>\r\n\t\t\t\t\t\t<div class=\"ac-back-side face\" style=\"background-color: #3dc8ff\">\r\n\t\t\t\t\t\t\t<div class=\"hovering-c\">\r\n\t\t\t\t\t\t\t\t<p>Choose type<\/p>\r\n\t\t\t\t\t\t\t<\/div>\r\n\t\t\t\t\t\t<\/div>\r\n\t\t\t\t\t<\/a>\r\n\t\t\t\t<\/div>\r\n\t\t\t<\/div>\r\n\t\t\t\t<\/div>\r\n\t<\/div>\r\n<\/section>\r\n\t\t\t\t<\/div>\n\t\t\t\t<\/div>\n\t\t\t\t\t<\/div>\n\t\t<\/div>\n\t\t\t\t\t<\/div>\n\t\t<\/section>\n\t\t\t\t<section class=\"elementor-section elementor-top-section elementor-element elementor-element-789c01ec elementor-section-boxed elementor-section-height-default elementor-section-height-default\" data-id=\"789c01ec\" data-element_type=\"section\" data-e-type=\"section\" data-settings=\"{&quot;background_background&quot;:&quot;classic&quot;}\">\n\t\t\t\t\t\t<div class=\"elementor-container elementor-column-gap-wider\">\n\t\t\t\t\t<div class=\"elementor-column elementor-col-33 elementor-top-column elementor-element elementor-element-13a36a26\" data-id=\"13a36a26\" data-element_type=\"column\" data-e-type=\"column\">\n\t\t\t<div class=\"elementor-widget-wrap elementor-element-populated\">\n\t\t\t\t\t\t<div class=\"elementor-element elementor-element-70d39e7 elementor-invisible elementor-widget elementor-widget-image-box\" data-id=\"70d39e7\" data-element_type=\"widget\" data-e-type=\"widget\" data-settings=\"{&quot;_animation&quot;:&quot;fadeIn&quot;,&quot;_animation_delay&quot;:300}\" data-widget_type=\"image-box.default\">\n\t\t\t\t<div class=\"elementor-widget-container\">\n\t\t\t\t\t<div class=\"elementor-image-box-wrapper\"><div class=\"elementor-image-box-content\"><h2 class=\"elementor-image-box-title\">Add your parcel transport listing<\/h2><p class=\"elementor-image-box-description\">Fill in your route from the departure to the arrival of your parcel transport as well as the departure and arrival dates.<\/p><\/div><\/div>\t\t\t\t<\/div>\n\t\t\t\t<\/div>\n\t\t\t\t\t<\/div>\n\t\t<\/div>\n\t\t\t\t<div class=\"elementor-column elementor-col-33 elementor-top-column elementor-element elementor-element-5fe97a5f\" data-id=\"5fe97a5f\" data-element_type=\"column\" data-e-type=\"column\">\n\t\t\t<div class=\"elementor-widget-wrap elementor-element-populated\">\n\t\t\t\t\t\t<div class=\"elementor-element elementor-element-2911635d elementor-invisible elementor-widget elementor-widget-image-box\" data-id=\"2911635d\" data-element_type=\"widget\" data-e-type=\"widget\" data-settings=\"{&quot;_animation&quot;:&quot;fadeIn&quot;,&quot;_animation_delay&quot;:300}\" data-widget_type=\"image-box.default\">\n\t\t\t\t<div class=\"elementor-widget-container\">\n\t\t\t\t\t<div class=\"elementor-image-box-wrapper\"><div class=\"elementor-image-box-content\"><h2 class=\"elementor-image-box-title\">Fill in the information of your parcel transport<\/h2><p class=\"elementor-image-box-description\">Fill in the number of Kilos available that you can transport as well as the type of package accepted.<\/p><\/div><\/div>\t\t\t\t<\/div>\n\t\t\t\t<\/div>\n\t\t\t\t\t<\/div>\n\t\t<\/div>\n\t\t\t\t<div class=\"elementor-column elementor-col-33 elementor-top-column elementor-element elementor-element-121144ab\" data-id=\"121144ab\" data-element_type=\"column\" data-e-type=\"column\">\n\t\t\t<div class=\"elementor-widget-wrap elementor-element-populated\">\n\t\t\t\t\t\t<div class=\"elementor-element elementor-element-5dea77a7 elementor-invisible elementor-widget elementor-widget-image-box\" data-id=\"5dea77a7\" data-element_type=\"widget\" data-e-type=\"widget\" data-settings=\"{&quot;_animation&quot;:&quot;fadeIn&quot;,&quot;_animation_delay&quot;:300}\" data-widget_type=\"image-box.default\">\n\t\t\t\t<div class=\"elementor-widget-container\">\n\t\t\t\t\t<div class=\"elementor-image-box-wrapper\"><div class=\"elementor-image-box-content\"><h3 class=\"elementor-image-box-title\">Transport packages by posting your listing<\/h3><p class=\"elementor-image-box-description\">By respecting the general conditions, you can now publish your parcel transport listing.<\/p><\/div><\/div>\t\t\t\t<\/div>\n\t\t\t\t<\/div>\n\t\t\t\t\t<\/div>\n\t\t<\/div>\n\t\t\t\t\t<\/div>\n\t\t<\/section>\n\t\t\t\t<section class=\"elementor-section elementor-top-section elementor-element elementor-element-1e1d218b elementor-section-boxed elementor-section-height-default elementor-section-height-default\" data-id=\"1e1d218b\" data-element_type=\"section\" data-e-type=\"section\" data-settings=\"{&quot;background_background&quot;:&quot;classic&quot;}\">\n\t\t\t\t\t\t<div class=\"elementor-container elementor-column-gap-wider\">\n\t\t\t\t\t<div class=\"elementor-column elementor-col-100 elementor-top-column elementor-element elementor-element-28b6be4a\" data-id=\"28b6be4a\" data-element_type=\"column\" data-e-type=\"column\">\n\t\t\t<div class=\"elementor-widget-wrap elementor-element-populated\">\n\t\t\t\t\t\t<div class=\"elementor-element elementor-element-30cef68a elementor-widget elementor-widget-heading\" data-id=\"30cef68a\" data-element_type=\"widget\" data-e-type=\"widget\" data-widget_type=\"heading.default\">\n\t\t\t\t<div class=\"elementor-widget-container\">\n\t\t\t\t\t<h2 class=\"elementor-heading-title elementor-size-default\">Become a transporter and connect with senders from all over the world<\/h2>\t\t\t\t<\/div>\n\t\t\t\t<\/div>\n\t\t\t\t<div class=\"elementor-element elementor-element-2f13dd1 elementor-widget elementor-widget-case27-listing-feed-widget\" data-id=\"2f13dd1\" data-element_type=\"widget\" data-e-type=\"widget\" data-widget_type=\"case27-listing-feed-widget.default\">\n\t\t\t\t<div class=\"elementor-widget-container\">\n\t\t\t\t\t\r\n\t<section class=\"i-section listing-feed\">\r\n\t\t<div class=\"container-fluid\">\r\n\t\t\t<div class=\"row section-body grid\">\r\n\t\t\t\t\t\t\t\t\t<div class=\"col-lg-4 col-md-4 col-sm-6 col-xs-12 grid-item\"><div class=\"lf-item-container listing-preview type-envoyer-un-bien post-7628 job_listing type-job_listing status-publish hentry pays-desservis-guinee-conakry no-logo has-tagline has-info-fields level-normal priority-0\" data-id=\"listing-id-7628\" data-category-icon=\"\" data-category-color=\"\" data-category-text-color=\"\" data-thumbnail=\"https:\/\/africanpost.fr\/wp-content\/themes\/my-listing-2%20last\/assets\/images\/marker.jpg\" data-template=\"default\" data-locations=\"false\"\n><div class=\"lf-item lf-item-default\" data-template=\"default\"> <a href=\"https:\/\/africanpost.fr\/en\/listing\/barry-amadou-2\/\"> <div class=\"overlay\" style=\" background-color: #242429; opacity: 0.4;\"><\/div> <div class=\"lf-item-info\"> <h4 class=\"case27-primary-text listing-preview-title\"> Barry Amadou <\/h4> <ul class=\"lf-contact\"><\/ul> <\/div> <div class=\"lf-head level-normal\"> <\/div> <\/a> <\/div><\/div><\/div>\t\t\t\t\t\t\t\t\t<div class=\"col-lg-4 col-md-4 col-sm-6 col-xs-12 grid-item\"><div class=\"lf-item-container listing-preview type-envoyer-un-bien post-7627 job_listing type-job_listing status-publish hentry pays-desservis-guinee-conakry no-logo has-tagline has-info-fields level-normal priority-0\" data-id=\"listing-id-7627\" data-category-icon=\"\" data-category-color=\"\" data-category-text-color=\"\" data-thumbnail=\"https:\/\/africanpost.fr\/wp-content\/themes\/my-listing-2%20last\/assets\/images\/marker.jpg\" data-template=\"default\" data-locations=\"false\"\n><div class=\"lf-item lf-item-default\" data-template=\"default\"> <a href=\"https:\/\/africanpost.fr\/en\/listing\/barry-amadou\/\"> <div class=\"overlay\" style=\" background-color: #242429; opacity: 0.4;\"><\/div> <div class=\"lf-item-info\"> <h4 class=\"case27-primary-text listing-preview-title\"> Barry Amadou <\/h4> <ul class=\"lf-contact\"><\/ul> <\/div> <div class=\"lf-head level-normal\"> <\/div> <\/a> <\/div><\/div><\/div>\t\t\t\t\t\t\t<\/div>\r\n\t\t<\/div>\r\n\t<\/section>\r\n\r\n\t\t\t\t<\/div>\n\t\t\t\t<\/div>\n\t\t\t\t\t<\/div>\n\t\t<\/div>\n\t\t\t\t\t<\/div>\n\t\t<\/section>\n\t\t\t\t<section class=\"elementor-section elementor-top-section elementor-element elementor-element-7a82029d elementor-section-boxed elementor-section-height-default elementor-section-height-default\" data-id=\"7a82029d\" data-element_type=\"section\" data-e-type=\"section\" data-settings=\"{&quot;background_background&quot;:&quot;classic&quot;}\">\n\t\t\t\t\t\t\t<div class=\"elementor-background-overlay\"><\/div>\n\t\t\t\t\t\t\t<div class=\"elementor-container elementor-column-gap-default\">\n\t\t\t\t\t<div class=\"elementor-column elementor-col-33 elementor-top-column elementor-element elementor-element-76c43fa2\" data-id=\"76c43fa2\" data-element_type=\"column\" data-e-type=\"column\">\n\t\t\t<div class=\"elementor-widget-wrap elementor-element-populated\">\n\t\t\t\t\t\t<div class=\"elementor-element elementor-element-712435a6 elementor-position-top elementor-widget elementor-widget-image-box\" data-id=\"712435a6\" data-element_type=\"widget\" data-e-type=\"widget\" data-widget_type=\"image-box.default\">\n\t\t\t\t<div class=\"elementor-widget-container\">\n\t\t\t\t\t<div class=\"elementor-image-box-wrapper\"><figure class=\"elementor-image-box-img\"><img decoding=\"async\" width=\"167\" height=\"156\" src=\"https:\/\/africanpost.fr\/wp-content\/uploads\/2021\/09\/quickold-9123d21cdc690d8fcd0c788681be7704937ed539f3c5b6d4fd968f765390bce8.png\" class=\"attachment-full size-full wp-image-383\" alt=\"Livraison Express\" title=\"\"><\/figure><div class=\"elementor-image-box-content\"><h3 class=\"elementor-image-box-title\">Send a package anywhere in Africa!<\/h3><p class=\"elementor-image-box-description\">African post allows you to transport and deliver parcels anywhere in Africa and around the world, thanks to our global network of parcel senders to Africa. This means you don't need to be tied to a specific shipping company. We are here to build a global community with you!<\/p><\/div><\/div>\t\t\t\t<\/div>\n\t\t\t\t<\/div>\n\t\t\t\t\t<\/div>\n\t\t<\/div>\n\t\t\t\t<div class=\"elementor-column elementor-col-33 elementor-top-column elementor-element elementor-element-79f172d3\" data-id=\"79f172d3\" data-element_type=\"column\" data-e-type=\"column\">\n\t\t\t<div class=\"elementor-widget-wrap elementor-element-populated\">\n\t\t\t\t\t\t<div class=\"elementor-element elementor-element-106b6b49 elementor-position-top elementor-widget elementor-widget-image-box\" data-id=\"106b6b49\" data-element_type=\"widget\" data-e-type=\"widget\" data-widget_type=\"image-box.default\">\n\t\t\t\t<div class=\"elementor-widget-container\">\n\t\t\t\t\t<div class=\"elementor-image-box-wrapper\"><figure class=\"elementor-image-box-img\"><img decoding=\"async\" src=\"https:\/\/africanpost.fr\/wp-content\/uploads\/2021\/09\/cheaper-6806a0acda9361b684a6ea0e8ec77c2448fad3f4a4191bd8cdbc137220c6ef63-100x100.png\" title=\"Economique\" alt=\"Economique\" loading=\"lazy\" \/><\/figure><div class=\"elementor-image-box-content\"><h3 class=\"elementor-image-box-title\">100% Free<\/h3><p class=\"elementor-image-box-description\">All prices on African Post are fully transparent. You choose the price that suits you, with no unexpected costs. Using existing community resources means an opportunity for exceptional delivery rates!<\/p><\/div><\/div>\t\t\t\t<\/div>\n\t\t\t\t<\/div>\n\t\t\t\t\t<\/div>\n\t\t<\/div>\n\t\t\t\t<div class=\"elementor-column elementor-col-33 elementor-top-column elementor-element elementor-element-73d41566\" data-id=\"73d41566\" data-element_type=\"column\" data-e-type=\"column\">\n\t\t\t<div class=\"elementor-widget-wrap elementor-element-populated\">\n\t\t\t\t\t\t<div class=\"elementor-element elementor-element-74142100 elementor-position-top elementor-widget elementor-widget-image-box\" data-id=\"74142100\" data-element_type=\"widget\" data-e-type=\"widget\" data-widget_type=\"image-box.default\">\n\t\t\t\t<div class=\"elementor-widget-container\">\n\t\t\t\t\t<div class=\"elementor-image-box-wrapper\"><figure class=\"elementor-image-box-img\"><img decoding=\"async\" width=\"128\" height=\"128\" src=\"https:\/\/africanpost.fr\/wp-content\/uploads\/2021\/09\/ecolo.png\" class=\"attachment-full size-full wp-image-381\" alt=\"Ecologique\" title=\"\" srcset=\"https:\/\/africanpost.fr\/wp-content\/uploads\/2021\/09\/ecolo.png 128w, https:\/\/africanpost.fr\/wp-content\/uploads\/2021\/09\/ecolo-100x100.png 100w\" sizes=\"(max-width: 128px) 100vw, 128px\" \/><\/figure><div class=\"elementor-image-box-content\"><h3 class=\"elementor-image-box-title\">Direct communication!<\/h3><p class=\"elementor-image-box-description\">African Post allows direct communication between our shippers and carriers. On-site reviews help you choose a shipper, and you choose the date and price that works best for you.<\/p><\/div><\/div>\t\t\t\t<\/div>\n\t\t\t\t<\/div>\n\t\t\t\t\t<\/div>\n\t\t<\/div>\n\t\t\t\t\t<\/div>\n\t\t<\/section>\n\t\t\t\t<section class=\"elementor-section elementor-top-section elementor-element elementor-element-032d806 elementor-section-boxed elementor-section-height-default elementor-section-height-default\" data-id=\"032d806\" data-element_type=\"section\" data-e-type=\"section\" data-settings=\"{&quot;background_background&quot;:&quot;classic&quot;}\">\n\t\t\t\t\t\t<div class=\"elementor-container elementor-column-gap-wider\">\n\t\t\t\t\t<div class=\"elementor-column elementor-col-100 elementor-top-column elementor-element elementor-element-897b888\" data-id=\"897b888\" data-element_type=\"column\" data-e-type=\"column\">\n\t\t\t<div class=\"elementor-widget-wrap elementor-element-populated\">\n\t\t\t\t\t\t<div class=\"elementor-element elementor-element-6e2c511f elementor-widget elementor-widget-image-box\" data-id=\"6e2c511f\" data-element_type=\"widget\" data-e-type=\"widget\" data-widget_type=\"image-box.default\">\n\t\t\t\t<div class=\"elementor-widget-container\">\n\t\t\t\t\t<div class=\"elementor-image-box-wrapper\"><div class=\"elementor-image-box-content\"><h2 class=\"elementor-image-box-title\">T\u00e9l\u00e9chargez d\u00e8s maintenant et Rejoignez African post pour trouver un transporteur <\/h2><p class=\"elementor-image-box-description\">At African post, we do our best to ensure that you, our community of shippers and couriers, can get these packages to their destinations easily and efficiently. Above all, we are here to help both parties communicate clearly and effectively. We would love to hear from you. Happy delivery! The African Post team.<\/p><\/div><\/div>\t\t\t\t<\/div>\n\t\t\t\t<\/div>\n\t\t\t\t<div class=\"elementor-element elementor-element-2e90e942 elementor-widget elementor-widget-global elementor-global-3586 elementor-widget-image\" data-id=\"2e90e942\" data-element_type=\"widget\" data-e-type=\"widget\" data-widget_type=\"image.default\">\n\t\t\t\t<div class=\"elementor-widget-container\">\n\t\t\t\t\t\t\t\t\t\t\t\t\t\t\t\t<a href=\"https:\/\/play.google.com\/store\/apps\/details?id=com.app.africanpost&#038;referrer=utm_source%3Dgoogle%26utm_medium%3DDownloadbutton%26utm_campaign%3DPlaystore%2520button\" target=\"_blank\" rel=\"noopener\">\n\t\t\t\t\t\t\t<img decoding=\"async\" width=\"300\" height=\"116\" src=\"https:\/\/africanpost.fr\/wp-content\/uploads\/2022\/05\/google-play-badge-300x116.png\" class=\"attachment-medium size-medium wp-image-2785\" alt=\"\" srcset=\"https:\/\/africanpost.fr\/wp-content\/uploads\/2022\/05\/google-play-badge-300x116.png 300w, https:\/\/africanpost.fr\/wp-content\/uploads\/2022\/05\/google-play-badge-600x232.png 600w, https:\/\/africanpost.fr\/wp-content\/uploads\/2022\/05\/google-play-badge-18x7.png 18w, https:\/\/africanpost.fr\/wp-content\/uploads\/2022\/05\/google-play-badge.png 646w\" sizes=\"(max-width: 300px) 100vw, 300px\" title=\"\">\t\t\t\t\t\t\t\t<\/a>\n\t\t\t\t\t\t\t\t\t\t\t\t\t\t\t<\/div>\n\t\t\t\t<\/div>\n\t\t\t\t<div class=\"elementor-element elementor-element-2a783884 elementor-widget elementor-widget-global elementor-global-3463 elementor-widget-image\" data-id=\"2a783884\" data-element_type=\"widget\" data-e-type=\"widget\" data-widget_type=\"image.default\">\n\t\t\t\t<div class=\"elementor-widget-container\">\n\t\t\t\t\t\t\t\t\t\t\t\t\t\t\t\t<a href=\"https:\/\/apps.apple.com\/app\/african-post\/id1627710298\" target=\"_blank\" rel=\"noopener\">\n\t\t\t\t\t\t\t<img loading=\"lazy\" decoding=\"async\" width=\"300\" height=\"121\" src=\"https:\/\/africanpost.fr\/wp-content\/uploads\/2021\/10\/5847e95fcef1014c0b5e4822-300x121.png\" class=\"attachment-medium size-medium wp-image-3453\" alt=\"\" srcset=\"https:\/\/africanpost.fr\/wp-content\/uploads\/2021\/10\/5847e95fcef1014c0b5e4822-300x121.png 300w, https:\/\/africanpost.fr\/wp-content\/uploads\/2021\/10\/5847e95fcef1014c0b5e4822-600x242.png 600w, https:\/\/africanpost.fr\/wp-content\/uploads\/2021\/10\/5847e95fcef1014c0b5e4822-1024x412.png 1024w, https:\/\/africanpost.fr\/wp-content\/uploads\/2021\/10\/5847e95fcef1014c0b5e4822-768x309.png 768w, https:\/\/africanpost.fr\/wp-content\/uploads\/2021\/10\/5847e95fcef1014c0b5e4822-18x7.png 18w, https:\/\/africanpost.fr\/wp-content\/uploads\/2021\/10\/5847e95fcef1014c0b5e4822.png 1272w\" sizes=\"(max-width: 300px) 100vw, 300px\" title=\"\">\t\t\t\t\t\t\t\t<\/a>\n\t\t\t\t\t\t\t\t\t\t\t\t\t\t\t<\/div>\n\t\t\t\t<\/div>\n\t\t\t\t<div class=\"elementor-element elementor-element-96663a4 elementor-widget elementor-widget-image-box\" data-id=\"96663a4\" data-element_type=\"widget\" data-e-type=\"widget\" data-widget_type=\"image-box.default\">\n\t\t\t\t<div class=\"elementor-widget-container\">\n\t\t\t\t\t<div class=\"elementor-image-box-wrapper\"><div class=\"elementor-image-box-content\"><h2 class=\"elementor-image-box-title\">Join African post to transport parcels<\/h2><p class=\"elementor-image-box-description\">At African post, we do our best to ensure that you, our community of shippers and couriers, can get these packages to their destinations easily and efficiently. Above all, we are here to help both parties communicate clearly and effectively. We would love to hear from you. Happy delivery! The African Post team.<\/p><\/div><\/div>\t\t\t\t<\/div>\n\t\t\t\t<\/div>\n\t\t\t\t\t<\/div>\n\t\t<\/div>\n\t\t\t\t\t<\/div>\n\t\t<\/section>\n\t\t\t\t<\/div>","protected":false},"excerpt":{"rendered":"<p>Cr\u00e9er une annonce Proposez vos annonces et transporter des colis avec African Post Quel type d&rsquo;annonce souhaitez-vous ajouter&nbsp;? Ajouter votre annonce de transport de colis Renseignez votre trajet du d\u00e9part \u00e0 l&rsquo;arriv\u00e9e de votre transport de colis ainsi que les dates de d\u00e9part et d&rsquo;arriv\u00e9e. Renseignez les informations de votre transport de colis Renseignez le [&hellip;]<\/p>\n","protected":false},"author":1,"featured_media":0,"parent":0,"menu_order":0,"comment_status":"closed","ping_status":"closed","template":"","meta":{"_monsterinsights_skip_tracking":false,"_monsterinsights_sitenote_active":false,"_monsterinsights_sitenote_note":"","_monsterinsights_sitenote_category":0,"footnotes":""},"class_list":["post-322","page","type-page","status-publish","hentry"],"acf":[],"_links":{"self":[{"href":"https:\/\/africanpost.fr\/en\/wp-json\/wp\/v2\/pages\/322","targetHints":{"allow":["GET"]}}],"collection":[{"href":"https:\/\/africanpost.fr\/en\/wp-json\/wp\/v2\/pages"}],"about":[{"href":"https:\/\/africanpost.fr\/en\/wp-json\/wp\/v2\/types\/page"}],"author":[{"embeddable":true,"href":"https:\/\/africanpost.fr\/en\/wp-json\/wp\/v2\/users\/1"}],"replies":[{"embeddable":true,"href":"https:\/\/africanpost.fr\/en\/wp-json\/wp\/v2\/comments?post=322"}],"version-history":[{"count":45,"href":"https:\/\/africanpost.fr\/en\/wp-json\/wp\/v2\/pages\/322\/revisions"}],"predecessor-version":[{"id":7090,"href":"https:\/\/africanpost.fr\/en\/wp-json\/wp\/v2\/pages\/322\/revisions\/7090"}],"wp:attachment":[{"href":"https:\/\/africanpost.fr\/en\/wp-json\/wp\/v2\/media?parent=322"}],"curies":[{"name":"wp","href":"https:\/\/api.w.org\/{rel}","templated":true}]}}