{"id":315,"date":"2021-09-21T13:32:32","date_gmt":"2021-09-21T13:32:32","guid":{"rendered":"http:\/\/africanpost.fr\/explore-2-columns-2\/"},"modified":"2022-06-21T18:24:34","modified_gmt":"2022-06-21T18:24:34","slug":"je-veux-envoyer-un-colis-en-afrique","status":"publish","type":"page","link":"https:\/\/africanpost.fr\/en\/je-veux-envoyer-un-colis-en-afrique\/","title":{"rendered":"Je veux envoyer un colis en Afrique"},"content":{"rendered":"\t\t<div data-elementor-type=\"wp-page\" data-elementor-id=\"315\" class=\"elementor elementor-315\" data-elementor-post-type=\"page\">\n\t\t\t\t\t\t<section class=\"elementor-section elementor-top-section elementor-element elementor-element-e5ib7yy elementor-section-full_width elementor-section-height-default elementor-section-height-default\" data-id=\"e5ib7yy\" data-element_type=\"section\" data-e-type=\"section\">\n\t\t\t\t\t\t<div class=\"elementor-container elementor-column-gap-no\">\n\t\t\t\t\t<div class=\"elementor-column elementor-col-100 elementor-top-column elementor-element elementor-element-no7ij0f\" data-id=\"no7ij0f\" data-element_type=\"column\" data-e-type=\"column\">\n\t\t\t<div class=\"elementor-widget-wrap elementor-element-populated\">\n\t\t\t\t\t\t<div class=\"elementor-element elementor-element-1fa1733 elementor-widget elementor-widget-heading\" data-id=\"1fa1733\" data-element_type=\"widget\" data-e-type=\"widget\" data-widget_type=\"heading.default\">\n\t\t\t\t<div class=\"elementor-widget-container\">\n\t\t\t\t\t<h2 class=\"elementor-heading-title elementor-size-default\">Je veux envoyer un colis<\/h2>\t\t\t\t<\/div>\n\t\t\t\t<\/div>\n\t\t\t\t<div class=\"elementor-element elementor-element-sea90f9 elementor-widget elementor-widget-case27-explore-widget\" data-id=\"sea90f9\" data-element_type=\"widget\" data-e-type=\"widget\" data-widget_type=\"case27-explore-widget.default\">\n\t\t\t\t<div class=\"elementor-widget-container\">\n\t\t\t\t\t\r\n\t<div\r\n\t:class=\"['mobile-tab-'+state.mobileTab,mapExpanded?'map-expanded':'',loading?'loading-new-results':'']\"\r\n\tclass=\"cts-explore finder-container fc-type-1 finder-two-columns explore-types-topbar\"\r\n\tid=\"c27-explore-listings\"\r\n\t:style=\"containerStyles\"\r\n>\r\n\r\n\t\t\t\t\r\n\t\r\n\t<div class=\"mobile-explore-head-top\" v-if=\"activeType.id===136 && state.mobileTab!=='filters'\">\r\n\t\t<div v-if=\"currentTax\" class=\"primary-category\">\r\n\t\t\t<span class=\"cat-icon\" :style=\"'background-color:'+(currentTax.activeTerm?currentTax.activeTerm.color:'#fff')\"\r\n\t\t\t\tv-html=\"currentTax.activeTerm.single_icon\"><\/span>\r\n\t\t\t<div v-html=\"currentTermName\"><\/div>\r\n\t\t<\/div>\r\n\t\t<template v-else>\r\n\t\t\t\t\t\t\t\r\n<wp-search-filter\r\n    listing-type=\"jobs\"\r\n    filter-key=\"search_keywords\"\r\n    location=\"primary-filter\"\r\n    label=\"Destination ex: Mali\"\r\n    @input=\"getListings( &#039;primary-filter:wp-search&#039;, true )\"\r\n    inline-template\r\n>\r\n    <div v-if=\"location === 'primary-filter'\" class=\"explore-head-search\">\r\n        <i class=\"mi search\"><\/i>\r\n        <input required ref=\"input\" type=\"text\" :placeholder=\"label\"\r\n            :value=\"filters[filterKey]\" @input=\"updateInput\">\r\n    <\/div>\r\n    <div v-else class=\"form-group explore-filter wp-search-filter md-group\">\r\n        <input required ref=\"input\" type=\"text\"\r\n            :value=\"filters[filterKey]\" @input=\"updateInput\">\r\n        <label>{{label}}<\/label>\r\n    <\/div>\r\n<\/wp-search-filter>\r\n\t\t\t\t\t<\/template>\r\n\r\n\t\t<div class=\"explore-head-top-filters\">\r\n\t\t\t<a v-if=\"template==='explore-no-map' && !isMobile\" href=\"#\"\r\n\t\t\t\t@click.prevent=\"this.jQuery('.fc-type-2').toggleClass('fc-type-2-open')\">\r\n\t\t\t\tFilters\t\t\t\t<i class=\"icon-settings-1\"><\/i>\r\n\t\t\t<\/a>\r\n\t\t\t<a v-else href=\"#\" @click.prevent=\"state.mobileTab = 'filters'\">\r\n\t\t\t\tFilters\t\t\t\t<i class=\"icon-settings-1\"><\/i>\r\n\t\t\t<\/a>\r\n\t\t<\/div>\r\n\t<\/div>\r\n\r\n\t<div class=\"fc-default\">\r\n\t\t<div class=\"finder-search min-scroll\" id=\"finderSearch\" :class=\"( state.mobileTab === 'filters' ? '' : 'visible-lg' )\">\r\n\t\t\t<div class=\"finder-tabs-wrapper\">\r\n\t\t\t\t\t\t\t<\/div>\r\n\t\t<\/div>\r\n\r\n\t\t<div class=\"finder-listings min-scroll\" id=\"finderListings\" :class=\"( state.mobileTab === 'results' ? '' : 'visible-lg' )\" :style=\"loading?'overflow:hidden':''\">\r\n\t\t\t<div class=\"fl-head\">\r\n\t\t\t\t<results-header inline-template>\r\n\t\t\t\t\t<div class=\"explore-desktop-head\" v-if=\"foundPosts !== 0\">\r\n\t\t\t\t\t\t<div class=\"load-previews-batch load-batch-icon\" :class=\"! hasPrevPage ? 'batch-unavailable' : ''\">\r\n\t\t\t\t\t\t\t<a href=\"#\" @click.prevent=\"getPrevPage\">\r\n\t\t\t\t\t\t\t\t<i class=\"material-icons arrow_back\"><\/i>\r\n\t\t\t\t\t\t\t<\/a>\r\n\t\t\t\t\t\t<\/div>\r\n\r\n\t\t\t\t\t\t<span href=\"#\" class=\"fl-results-no text-left\" v-cloak>\r\n\t\t\t\t\t\t\t<span class=\"rslt-nr\" v-html=\"resultCountText\"><\/span>\r\n\t\t\t\t\t\t<\/span>\r\n\r\n\t\t\t\t\t\t<div class=\"load-next-batch load-batch-icon\" :class=\"{ 'batch-unavailable': ! hasNextPage }\">\r\n\t\t\t\t\t\t\t<a href=\"#\" @click.prevent=\"getNextPage\">\r\n\t\t\t\t\t\t\t\t<i class=\"material-icons arrow_forward\"><\/i>\r\n\t\t\t\t\t\t\t<\/a>\r\n\t\t\t\t\t\t<\/div>\r\n\r\n\t\t\t\t\t\t\t\t\t\t\t\t\t<a href=\"#\" class=\"expand-map-btn\" v-if=\"!$root.isMobile && !$root.mapExpanded\"\r\n\t\t\t\t\t\t\t\t@click.prevent=\"$root.toggleMap(true)\">\r\n\t\t\t\t\t\t\t\t<i class=\"mi map\"><\/i>\r\n\t\t\t\t\t\t\t\t<span>Map view<\/span>\r\n\t\t\t\t\t\t\t<\/a>\r\n\t\t\t\t\t\t\t\t\t\t\t<\/div>\r\n\t\t\t\t<\/results-header>\r\n\t\t\t<\/div>\r\n\t\t\t<div class=\"results-view grid\" v-show=\"!loading && found_posts !== 0\"><\/div>\r\n\r\n\t\t\t<div class=\"no-results-wrapper\" v-show=\"!loading && found_posts === 0\">\r\n\t\t\t\t<i class=\"no-results-icon mi mood_bad\"><\/i>\r\n\t\t\t\t<li class=\"no_job_listings_found\">\r\n\t\t\t\t\tThere are no listings matching your search.\t\t\t\t\t<a href=\"#\" class=\"reset-results-27 full-width\" @click.prevent=\"resetFilters($event); getListings('reset', true);\">\r\n\t\t\t\t\t\t<i class=\"mi refresh\"><\/i>\r\n\t\t\t\t\t\tReset Filters\t\t\t\t\t<\/a>\r\n\t\t\t\t<\/li>\r\n\t\t\t<\/div>\r\n\r\n\t\t\t<div class=\"loader-bg\" v-show=\"loading\">\r\n\t\t\t\t\r\n<div class=\"paper-spinner center-vh\" style=\"width: 28px; height: 28px;\">\r\n\t<div class=\"spinner-container active\">\r\n\t\t<div class=\"spinner-layer layer-1\" style=\"border-color: #777;\">\r\n\t\t\t<div class=\"circle-clipper left\">\r\n\t\t\t\t<div class=\"circle\" style=\"border-width: 3px;\"><\/div>\r\n\t\t\t<\/div><div class=\"gap-patch\">\r\n\t\t\t\t<div class=\"circle\" style=\"border-width: 3px;\"><\/div>\r\n\t\t\t<\/div><div class=\"circle-clipper right\">\r\n\t\t\t\t<div class=\"circle\" style=\"border-width: 3px;\"><\/div>\r\n\t\t\t<\/div>\r\n\t\t<\/div>\r\n\t<\/div>\r\n<\/div>\t\t\t<\/div>\r\n\t\t\t<div class=\"col-md-12 center-button pagination c27-explore-pagination\" v-show=\"!loading\"><\/div>\r\n\t\t<\/div>\r\n\t<\/div>\r\n\r\n\t<div class=\"compare-bar\" v-if=\"compare.length >= 2\">\r\n\t<a href=\"#\" class=\"buttons button-2\" @click.prevent=\"_compareListing()\">\r\n\t\t<i title=\"mi compare\" class=\"mi compare\"><\/i>\r\n\t\tCompare items\t<\/a>\r\n\t<a href=\"#\" class=\"buttons button-5\" @click.prevent=\"_clearCompareListing()\">\r\n\t\tCancel\t<\/a>\r\n<\/div>\r\n\r\n\t<div class=\"finder-map\" id=\"finderMap\" :class=\"{'map-mobile-visible':state.mobileTab==='map'}\">\r\n\t\t<div\r\n\t\t\tclass=\"map c27-map mylisting-map-loading\"\r\n\t\t\tid=\"map__69d6fba2892a1\"\r\n\t\t\tdata-options=\"{&quot;skin&quot;:&quot;skin3&quot;,&quot;scrollwheel&quot;:&quot;&quot;,&quot;zoom&quot;:10,&quot;minZoom&quot;:2,&quot;maxZoom&quot;:18}\"\r\n\t\t>\r\n\t\t<\/div>\r\n\t\t\t<div class=\"mapdrag-switch\" :class=\"{'mb-skin': mapProvider === 'mapbox'}\">\r\n\t\t<div class=\"md-checkbox\">\r\n\t\t\t<input type=\"checkbox\" v-model=\"dragSearch\" id=\"explore-drag-toggle\">\r\n\t\t\t<label for=\"explore-drag-toggle\">Search as I move the map<\/label>\r\n\t\t<\/div>\r\n\t<\/div>\r\n\t\t\t\t\t<a href=\"#\" class=\"collapse-map-btn\" v-if=\"!isMobile && mapExpanded\"\r\n\t\t\t\t@click.prevent=\"$root.toggleMap(false)\">\r\n\t\t\t\t<i class=\"mi view_agenda\"><\/i>\r\n\t\t\t\t<span>List view<\/span>\r\n\t\t\t<\/a>\r\n\t\t\t<\/div>\r\n\t<div style=\"display: none;\">\r\n\t\t<div id=\"explore-map-location-ctrl\" title=\"Click to show your location\">\r\n\t\t\t<i class=\"mi my_location\"><\/i>\r\n\t\t<\/div>\r\n\t<\/div>\r\n\r\n\t<div class=\"explore-mobile-nav\">\r\n\t<ul class=\"nav nav-tabs\">\r\n\t\t<li class=\"show-results\" :class=\"state.mobileTab === 'results' ? 'active' : ''\">\r\n\t\t\t<a href=\"#\" @click.prevent=\"state.mobileTab = 'results';\">\r\n\t\t\t\t<i class=\"mi view_agenda\"><\/i>\r\n\t\t\t\t<span>List view<\/span>\r\n\t\t\t<\/a>\r\n\t\t<\/li>\r\n\r\n\t\t\t\t\t<li class=\"show-map\" :class=\"state.mobileTab === 'map' ? 'active' : ''\" v-if=\"map\">\r\n\t\t\t\t<a href=\"#\" @click.prevent=\"state.mobileTab = 'map'; this.window.scrollTo(0,0);\">\r\n\t\t\t\t\t<i class=\"fa fa-map-marked-alt\"><\/i>\r\n\t\t\t\t\t<span>Map view<\/span>\r\n\t\t\t\t<\/a>\r\n\t\t\t<\/li>\r\n\t\t\t<\/ul>\r\n<\/div><\/div>\r\n<script type=\"text\/javascript\">\r\n\tvar CASE27_Explore_Settings = {\r\n\t\tListingWrap: \"col-md-12 grid-item\",\r\n\t\tActiveMobileTab: \"results\",\r\n\t\tScrollToResults: false,\r\n\t\tMap: {\"default_lat\":51.492,\"default_lng\":-0.13,\"default_zoom\":11,\"min_zoom\":2,\"max_zoom\":18,\"skin\":\"skin3\",\"scrollwheel\":\"\"},\r\n\t\tIsFirstLoad: true,\r\n\t\tDisableLiveUrlUpdate: false,\r\n\t\tDragSearchEnabled: true,\r\n\t\tDragSearchLabel: \"Visible map area\",\r\n\t\tTermSettings: {\"count\":10},\r\n\t\tListingTypes: {\"jobs\":{\"index\":0,\"name\":\"Transporteurs\",\"icon\":\"\\t\\t\\t<i class=\\\"mi verified_user\\\"><\\\/i>\\r\\n\\t\\t\",\"slug\":\"jobs\",\"id\":136,\"tabs\":{\"search-form\":{\"type\":\"search-form\",\"label\":\"Filtres\",\"icon\":\"mi filter_list\",\"orderby\":\"\",\"order\":\"\",\"hide_empty\":false},\"pays-desservis\":{\"type\":\"pays-desservis\",\"label\":\"Pays desservis\",\"icon\":\"fa fa-plane\",\"orderby\":\"count\",\"order\":\"DESC\",\"hide_empty\":true},\"categories\":{\"type\":\"categories\",\"label\":\"Cat\\u00e9gories\",\"icon\":\"icon-settings-1\",\"orderby\":\"name\",\"order\":\"DESC\",\"hide_empty\":false}},\"filters\":{\"page\":0,\"preserve_page\":false,\"search_keywords\":\"\",\"category\":\"\",\"sort\":\"random\"},\"tab\":\"search-form\",\"defaultTab\":\"search-form\",\"taxonomies\":{\"categories\":{\"tax\":\"job_listing_category\",\"field_name\":\"job_category\",\"tab_id\":\"categories\",\"page\":0,\"termsLoading\":false,\"termsPage\":0,\"activeTermId\":0,\"activeTerm\":false,\"hasMore\":false,\"terms\":{}},\"regions\":{\"tax\":\"region\",\"field_name\":\"region\",\"tab_id\":\"regions\",\"page\":0,\"termsLoading\":false,\"termsPage\":0,\"activeTermId\":0,\"activeTerm\":false,\"hasMore\":false,\"terms\":{}},\"tags\":{\"tax\":\"case27_job_listing_tags\",\"field_name\":\"job_tags\",\"tab_id\":\"tags\",\"page\":0,\"termsLoading\":false,\"termsPage\":0,\"activeTermId\":0,\"activeTerm\":false,\"hasMore\":false,\"terms\":{}},\"custom-taxonomy-car-brand\":{\"tax\":\"custom-taxonomy-car-brand\",\"field_name\":\"custom-taxonomy-car-brand\",\"tab_id\":\"custom-taxonomy-car-brand\",\"page\":0,\"termsLoading\":false,\"termsPage\":0,\"activeTermId\":0,\"activeTerm\":false,\"hasMore\":false,\"terms\":{}},\"job-vacancy-type\":{\"tax\":\"job-vacancy-type\",\"field_name\":\"job-vacancy-type\",\"tab_id\":\"job-vacancy-type\",\"page\":0,\"termsLoading\":false,\"termsPage\":0,\"activeTermId\":0,\"activeTerm\":false,\"hasMore\":false,\"terms\":{}},\"job-qualification\":{\"tax\":\"job-qualification\",\"field_name\":\"job-qualification\",\"tab_id\":\"job-qualification\",\"page\":0,\"termsLoading\":false,\"termsPage\":0,\"activeTermId\":0,\"activeTerm\":false,\"hasMore\":false,\"terms\":{}},\"job-salary\":{\"tax\":\"job-salary\",\"field_name\":\"job-salary\",\"tab_id\":\"job-salary\",\"page\":0,\"termsLoading\":false,\"termsPage\":0,\"activeTermId\":0,\"activeTerm\":false,\"hasMore\":false,\"terms\":{}},\"pays-desservis\":{\"tax\":\"pays-desservis\",\"field_name\":\"pays-desservis\",\"tab_id\":\"pays-desservis\",\"page\":0,\"termsLoading\":false,\"termsPage\":0,\"activeTermId\":0,\"activeTerm\":false,\"hasMore\":false,\"terms\":{}}},\"max_num_pages\":0,\"is_first_load\":true}},\r\n\t\tExplorePage: null,\r\n\t\tActiveListingType: null,\r\n\t\tTermCache: {},\r\n\t\tCache: {},\r\n\t\tScrollPosition: 0,\r\n\t\tTemplate: \"explore-1\",\r\n\t\tDisplayAd: false,\r\n\t\tAdPublisherID: \"\",\r\n\t\tAdSlotID: \"\",\r\n\t\tAdInterval: \"\"\t};\r\n<\/script>\r\n\r\n\r\n\t\t\t\t<\/div>\n\t\t\t\t<\/div>\n\t\t\t\t\t<\/div>\n\t\t<\/div>\n\t\t\t\t\t<\/div>\n\t\t<\/section>\n\t\t\t\t<section class=\"elementor-section elementor-top-section elementor-element elementor-element-56d56566 elementor-section-boxed elementor-section-height-default elementor-section-height-default\" data-id=\"56d56566\" data-element_type=\"section\" data-e-type=\"section\" data-settings=\"{&quot;background_background&quot;:&quot;classic&quot;}\">\n\t\t\t\t\t\t<div class=\"elementor-container elementor-column-gap-wider\">\n\t\t\t\t\t<div class=\"elementor-column elementor-col-100 elementor-top-column elementor-element elementor-element-1b6d53f0\" data-id=\"1b6d53f0\" data-element_type=\"column\" data-e-type=\"column\">\n\t\t\t<div class=\"elementor-widget-wrap elementor-element-populated\">\n\t\t\t\t\t\t<div class=\"elementor-element elementor-element-69dc1302 elementor-invisible elementor-widget elementor-widget-image-box\" data-id=\"69dc1302\" data-element_type=\"widget\" data-e-type=\"widget\" data-settings=\"{&quot;_animation&quot;:&quot;fadeIn&quot;,&quot;_animation_delay&quot;:300}\" data-widget_type=\"image-box.default\">\n\t\t\t\t<div class=\"elementor-widget-container\">\n\t\t\t\t\t<div class=\"elementor-image-box-wrapper\"><div class=\"elementor-image-box-content\"><h2 class=\"elementor-image-box-title\">T\u00e9l\u00e9chargez d\u00e8s maintenant et Rejoignez African post pour trouver un transporteur <\/h2><p class=\"elementor-image-box-description\">Chez African post, nous faisons de notre mieux pour nous assurer que vous, notre communaut\u00e9 d'exp\u00e9diteurs et de coursiers, puissiez acheminer ces colis \u00e0 leurs destinations facilement et efficacement. Surtout, nous sommes l\u00e0 pour aider les deux parties \u00e0 communiquer clairement et efficacement. Nous aimerions recevoir de vos nouvelles. Bonne livraison\u00a0! L'\u00e9quipe African Post.<\/p><\/div><\/div>\t\t\t\t<\/div>\n\t\t\t\t<\/div>\n\t\t\t\t<div class=\"elementor-element elementor-element-120cdd25 elementor-widget elementor-widget-global elementor-global-3586 elementor-widget-image\" data-id=\"120cdd25\" data-element_type=\"widget\" data-e-type=\"widget\" data-widget_type=\"image.default\">\n\t\t\t\t<div class=\"elementor-widget-container\">\n\t\t\t\t\t\t\t\t\t\t\t\t\t\t\t\t<a href=\"https:\/\/play.google.com\/store\/apps\/details?id=com.app.africanpost&#038;referrer=utm_source%3Dgoogle%26utm_medium%3DDownloadbutton%26utm_campaign%3DPlaystore%2520button\" target=\"_blank\" rel=\"noopener\">\n\t\t\t\t\t\t\t<img decoding=\"async\" width=\"300\" height=\"116\" src=\"https:\/\/africanpost.fr\/wp-content\/uploads\/2022\/05\/google-play-badge-300x116.png\" class=\"attachment-medium size-medium wp-image-2785\" alt=\"\" srcset=\"https:\/\/africanpost.fr\/wp-content\/uploads\/2022\/05\/google-play-badge-300x116.png 300w, https:\/\/africanpost.fr\/wp-content\/uploads\/2022\/05\/google-play-badge-600x232.png 600w, https:\/\/africanpost.fr\/wp-content\/uploads\/2022\/05\/google-play-badge-18x7.png 18w, https:\/\/africanpost.fr\/wp-content\/uploads\/2022\/05\/google-play-badge.png 646w\" sizes=\"(max-width: 300px) 100vw, 300px\" title=\"\">\t\t\t\t\t\t\t\t<\/a>\n\t\t\t\t\t\t\t\t\t\t\t\t\t\t\t<\/div>\n\t\t\t\t<\/div>\n\t\t\t\t<div class=\"elementor-element elementor-element-3694a3ac elementor-widget elementor-widget-global elementor-global-3463 elementor-widget-image\" data-id=\"3694a3ac\" data-element_type=\"widget\" data-e-type=\"widget\" data-widget_type=\"image.default\">\n\t\t\t\t<div class=\"elementor-widget-container\">\n\t\t\t\t\t\t\t\t\t\t\t\t\t\t\t\t<a href=\"https:\/\/apps.apple.com\/app\/african-post\/id1627710298\" target=\"_blank\" rel=\"noopener\">\n\t\t\t\t\t\t\t<img decoding=\"async\" width=\"300\" height=\"121\" src=\"https:\/\/africanpost.fr\/wp-content\/uploads\/2021\/10\/5847e95fcef1014c0b5e4822-300x121.png\" class=\"attachment-medium size-medium wp-image-3453\" alt=\"\" srcset=\"https:\/\/africanpost.fr\/wp-content\/uploads\/2021\/10\/5847e95fcef1014c0b5e4822-300x121.png 300w, https:\/\/africanpost.fr\/wp-content\/uploads\/2021\/10\/5847e95fcef1014c0b5e4822-600x242.png 600w, https:\/\/africanpost.fr\/wp-content\/uploads\/2021\/10\/5847e95fcef1014c0b5e4822-1024x412.png 1024w, https:\/\/africanpost.fr\/wp-content\/uploads\/2021\/10\/5847e95fcef1014c0b5e4822-768x309.png 768w, https:\/\/africanpost.fr\/wp-content\/uploads\/2021\/10\/5847e95fcef1014c0b5e4822-18x7.png 18w, https:\/\/africanpost.fr\/wp-content\/uploads\/2021\/10\/5847e95fcef1014c0b5e4822.png 1272w\" sizes=\"(max-width: 300px) 100vw, 300px\" title=\"\">\t\t\t\t\t\t\t\t<\/a>\n\t\t\t\t\t\t\t\t\t\t\t\t\t\t\t<\/div>\n\t\t\t\t<\/div>\n\t\t\t\t<div class=\"elementor-element elementor-element-cff8432 elementor-invisible elementor-widget elementor-widget-image-box\" data-id=\"cff8432\" data-element_type=\"widget\" data-e-type=\"widget\" data-settings=\"{&quot;_animation&quot;:&quot;fadeIn&quot;,&quot;_animation_delay&quot;:300}\" data-widget_type=\"image-box.default\">\n\t\t\t\t<div class=\"elementor-widget-container\">\n\t\t\t\t\t<div class=\"elementor-image-box-wrapper\"><div class=\"elementor-image-box-content\"><h2 class=\"elementor-image-box-title\">Vous n'avez pas trouvez de trajet ? Inscrivez vous et postez une annonce pour trouver un transporteur<\/h2><p class=\"elementor-image-box-description\">Exp\u00e9diez tous vos colis fragiles, volumineux ou de plus de 30 kg. Livraison nationale et locale. Jusqu\u2019\u00e0 65% moins cher ! Inscrivez vous d\u00e8s maintenant et faites vous contacter par un r\u00e9seau de transporteur et voyageurs certifi\u00e9 qui pourra effectuer le trajet de votre colis.<\/p><\/div><\/div>\t\t\t\t<\/div>\n\t\t\t\t<\/div>\n\t\t\t\t<div class=\"elementor-element elementor-element-4314825 elementor-align-center elementor-widget elementor-widget-button\" data-id=\"4314825\" data-element_type=\"widget\" data-e-type=\"widget\" data-widget_type=\"button.default\">\n\t\t\t\t<div class=\"elementor-widget-container\">\n\t\t\t\t\t\t\t\t\t<div class=\"elementor-button-wrapper\">\n\t\t\t\t\t<a class=\"elementor-button elementor-button-link elementor-size-sm\" href=\"http:\/\/africanpost.fr\/trouver-un-transporteur\/\">\n\t\t\t\t\t\t<span class=\"elementor-button-content-wrapper\">\n\t\t\t\t\t\t\t\t\t<span class=\"elementor-button-text\">Demander un transporteur<\/span>\n\t\t\t\t\t<\/span>\n\t\t\t\t\t<\/a>\n\t\t\t\t<\/div>\n\t\t\t\t\t\t\t\t<\/div>\n\t\t\t\t<\/div>\n\t\t\t\t\t<\/div>\n\t\t<\/div>\n\t\t\t\t\t<\/div>\n\t\t<\/section>\n\t\t\t\t<\/div>\n\t\t","protected":false},"excerpt":{"rendered":"<p>Je veux envoyer un colis T\u00e9l\u00e9chargez d\u00e8s maintenant et Rejoignez African post pour trouver un transporteur Chez African post, nous faisons de notre mieux pour nous assurer que vous, notre communaut\u00e9 d&rsquo;exp\u00e9diteurs et de coursiers, puissiez acheminer ces colis \u00e0 leurs destinations facilement et efficacement. Surtout, nous sommes l\u00e0 pour aider les deux parties \u00e0 [&hellip;]<\/p>\n","protected":false},"author":1,"featured_media":0,"parent":0,"menu_order":0,"comment_status":"closed","ping_status":"closed","template":"","meta":{"_monsterinsights_skip_tracking":false,"_monsterinsights_sitenote_active":false,"_monsterinsights_sitenote_note":"","_monsterinsights_sitenote_category":0,"footnotes":""},"class_list":["post-315","page","type-page","status-publish","hentry"],"acf":[],"_links":{"self":[{"href":"https:\/\/africanpost.fr\/en\/wp-json\/wp\/v2\/pages\/315","targetHints":{"allow":["GET"]}}],"collection":[{"href":"https:\/\/africanpost.fr\/en\/wp-json\/wp\/v2\/pages"}],"about":[{"href":"https:\/\/africanpost.fr\/en\/wp-json\/wp\/v2\/types\/page"}],"author":[{"embeddable":true,"href":"https:\/\/africanpost.fr\/en\/wp-json\/wp\/v2\/users\/1"}],"replies":[{"embeddable":true,"href":"https:\/\/africanpost.fr\/en\/wp-json\/wp\/v2\/comments?post=315"}],"version-history":[{"count":40,"href":"https:\/\/africanpost.fr\/en\/wp-json\/wp\/v2\/pages\/315\/revisions"}],"predecessor-version":[{"id":3629,"href":"https:\/\/africanpost.fr\/en\/wp-json\/wp\/v2\/pages\/315\/revisions\/3629"}],"wp:attachment":[{"href":"https:\/\/africanpost.fr\/en\/wp-json\/wp\/v2\/media?parent=315"}],"curies":[{"name":"wp","href":"https:\/\/api.w.org\/{rel}","templated":true}]}}